{"id":350,"date":"2024-09-16T15:55:14","date_gmt":"2024-09-16T18:55:14","guid":{"rendered":"https:\/\/homadesign.co\/?page_id=350"},"modified":"2024-12-09T15:47:04","modified_gmt":"2024-12-09T18:47:04","slug":"contact","status":"publish","type":"page","link":"https:\/\/homadesign.co\/en\/contact\/","title":{"rendered":"Contato Homa"},"content":{"rendered":"\t\t<div data-elementor-type=\"wp-page\" data-elementor-id=\"350\" class=\"elementor elementor-350\" data-elementor-post-type=\"page\">\n\t\t\t\t<div class=\"elementor-element elementor-element-06bd5f2 e-con-full e-flex e-con e-parent\" data-id=\"06bd5f2\" data-element_type=\"container\" data-e-type=\"container\">\n\t\t\t\t<div class=\"elementor-element elementor-element-fbefe9a elementor-absolute elementor-widget elementor-widget-image\" data-id=\"fbefe9a\" data-element_type=\"widget\" data-e-type=\"widget\" data-settings=\"{&quot;_position&quot;:&quot;absolute&quot;}\" data-widget_type=\"image.default\">\n\t\t\t\t<div class=\"elementor-widget-container\">\n\t\t\t\t\t\t\t\t\t\t\t\t\t\t\t<img fetchpriority=\"high\" decoding=\"async\" width=\"497\" height=\"478\" src=\"https:\/\/homadesign.co\/wp-content\/uploads\/2024\/09\/Homa_Asset_04-1.svg\" class=\"attachment-full size-full wp-image-363\" alt=\"\" \/>\t\t\t\t\t\t\t\t\t\t\t\t\t\t\t<\/div>\n\t\t\t\t<\/div>\n\t\t\t\t<div class=\"elementor-element elementor-element-79eb63c elementor-widget elementor-widget-heading\" data-id=\"79eb63c\" data-element_type=\"widget\" data-e-type=\"widget\" data-widget_type=\"heading.default\">\n\t\t\t\t<div class=\"elementor-widget-container\">\n\t\t\t\t\t<h6 class=\"elementor-heading-title elementor-size-default\">vamos conversar?<\/h6>\t\t\t\t<\/div>\n\t\t\t\t<\/div>\n\t\t\t\t<div class=\"elementor-element elementor-element-64cdecd elementor-widget__width-initial elementor-widget elementor-widget-heading\" data-id=\"64cdecd\" data-element_type=\"widget\" data-e-type=\"widget\" data-widget_type=\"heading.default\">\n\t\t\t\t<div class=\"elementor-widget-container\">\n\t\t\t\t\t<h1 class=\"elementor-heading-title elementor-size-default\">Descubra insights valiosos, desenvolva uma estrat\u00e9gia centrada no ser humano e alcance melhores resultados.\u00a0<\/h1>\t\t\t\t<\/div>\n\t\t\t\t<\/div>\n\t\t\t\t<div class=\"elementor-element elementor-element-fac7e4c elementor-widget__width-initial elementor-widget elementor-widget-heading\" data-id=\"fac7e4c\" data-element_type=\"widget\" data-e-type=\"widget\" data-widget_type=\"heading.default\">\n\t\t\t\t<div class=\"elementor-widget-container\">\n\t\t\t\t\t<p class=\"elementor-heading-title elementor-size-default\">A partir de uma conversa sobre os desafios e possibilidades do seu neg\u00f3cio, combinamos abordagens te\u00f3ricas e t\u00e9cnicas em um escopo customizado para a sua empresa.<\/p>\t\t\t\t<\/div>\n\t\t\t\t<\/div>\n\t\t\t\t<div class=\"elementor-element elementor-element-9346032 elementor-button-align-start elementor-widget__width-initial elementor-widget elementor-widget-form\" data-id=\"9346032\" data-element_type=\"widget\" data-e-type=\"widget\" data-settings=\"{&quot;step_next_label&quot;:&quot;Pr\\u00f3ximo&quot;,&quot;step_previous_label&quot;:&quot;Anterior&quot;,&quot;button_width&quot;:&quot;100&quot;,&quot;step_type&quot;:&quot;number_text&quot;,&quot;step_icon_shape&quot;:&quot;circle&quot;}\" data-widget_type=\"form.default\">\n\t\t\t\t<div class=\"elementor-widget-container\">\n\t\t\t\t\t\t\t<form class=\"elementor-form\" method=\"post\" name=\"[Homa - Site] Formul\u00e1rio Contato\" aria-label=\"[Homa - Site] Formul\u00e1rio Contato\">\n\t\t\t<input type=\"hidden\" name=\"post_id\" value=\"350\"\/>\n\t\t\t<input type=\"hidden\" name=\"form_id\" value=\"9346032\"\/>\n\t\t\t<input type=\"hidden\" name=\"referer_title\" value=\"HOMA\" \/>\n\n\t\t\t\n\t\t\t<div class=\"elementor-form-fields-wrapper elementor-labels-above\">\n\t\t\t\t\t\t\t\t<div class=\"elementor-field-type-text elementor-field-group elementor-column elementor-field-group-nome elementor-col-100\">\n\t\t\t\t\t\t\t\t\t\t\t\t<label for=\"form-field-nome\" class=\"elementor-field-label\">\n\t\t\t\t\t\t\t\tNome\t\t\t\t\t\t\t<\/label>\n\t\t\t\t\t\t\t\t\t\t\t\t\t\t<input size=\"1\" type=\"text\" name=\"form_fields[nome]\" id=\"form-field-nome\" class=\"elementor-field elementor-size-sm  elementor-field-textual\" placeholder=\"Nome:\">\n\t\t\t\t\t\t\t\t\t\t\t<\/div>\n\t\t\t\t\t\t\t\t<div class=\"elementor-field-type-email elementor-field-group elementor-column elementor-field-group-email elementor-col-100 elementor-field-required\">\n\t\t\t\t\t\t\t\t\t\t\t\t<label for=\"form-field-email\" class=\"elementor-field-label\">\n\t\t\t\t\t\t\t\tE-mail\t\t\t\t\t\t\t<\/label>\n\t\t\t\t\t\t\t\t\t\t\t\t\t\t<input size=\"1\" type=\"email\" name=\"form_fields[email]\" id=\"form-field-email\" class=\"elementor-field elementor-size-sm  elementor-field-textual\" placeholder=\"E-mail:\" required=\"required\">\n\t\t\t\t\t\t\t\t\t\t\t<\/div>\n\t\t\t\t\t\t\t\t<div class=\"elementor-field-type-text elementor-field-group elementor-column elementor-field-group-cargo elementor-col-100 elementor-field-required\">\n\t\t\t\t\t\t\t\t\t\t\t\t<label for=\"form-field-cargo\" class=\"elementor-field-label\">\n\t\t\t\t\t\t\t\tCargo\t\t\t\t\t\t\t<\/label>\n\t\t\t\t\t\t\t\t\t\t\t\t\t\t<input size=\"1\" type=\"text\" name=\"form_fields[cargo]\" id=\"form-field-cargo\" class=\"elementor-field elementor-size-sm  elementor-field-textual\" placeholder=\"Cargo:\" required=\"required\">\n\t\t\t\t\t\t\t\t\t\t\t<\/div>\n\t\t\t\t\t\t\t\t<div class=\"elementor-field-type-text elementor-field-group elementor-column elementor-field-group-empresa elementor-col-100 elementor-field-required\">\n\t\t\t\t\t\t\t\t\t\t\t\t<label for=\"form-field-empresa\" class=\"elementor-field-label\">\n\t\t\t\t\t\t\t\tEmpresa\t\t\t\t\t\t\t<\/label>\n\t\t\t\t\t\t\t\t\t\t\t\t\t\t<input size=\"1\" type=\"text\" name=\"form_fields[empresa]\" id=\"form-field-empresa\" class=\"elementor-field elementor-size-sm  elementor-field-textual\" placeholder=\"Empresa:\" required=\"required\">\n\t\t\t\t\t\t\t\t\t\t\t<\/div>\n\t\t\t\t\t\t\t\t<div class=\"elementor-field-type-textarea elementor-field-group elementor-column elementor-field-group-mensagem elementor-col-100\">\n\t\t\t\t\t\t\t\t\t\t\t\t<label for=\"form-field-mensagem\" class=\"elementor-field-label\">\n\t\t\t\t\t\t\t\tMensagem\t\t\t\t\t\t\t<\/label>\n\t\t\t\t\t\t<textarea class=\"elementor-field-textual elementor-field  elementor-size-sm\" name=\"form_fields[mensagem]\" id=\"form-field-mensagem\" rows=\"4\" placeholder=\"Vamos conversar sobre:\"><\/textarea>\t\t\t\t<\/div>\n\t\t\t\t\t\t\t\t<div class=\"elementor-field-group elementor-column elementor-field-type-submit elementor-col-100 e-form__buttons\">\n\t\t\t\t\t<button class=\"elementor-button elementor-size-sm\" type=\"submit\">\n\t\t\t\t\t\t<span class=\"elementor-button-content-wrapper\">\n\t\t\t\t\t\t\t\t\t\t\t\t\t\t\t\t\t\t\t\t\t\t<span class=\"elementor-button-text\">Enviar<\/span>\n\t\t\t\t\t\t\t\t\t\t\t\t\t<\/span>\n\t\t\t\t\t<\/button>\n\t\t\t\t<\/div>\n\t\t\t<\/div>\n\t\t<\/form>\n\t\t\t\t\t\t<\/div>\n\t\t\t\t<\/div>\n\t\t\t\t<\/div>\n\t\t\t\t<\/div>\n\t\t","protected":false},"excerpt":{"rendered":"<p>vamos conversar? Descubra insights valiosos, desenvolva uma estrat\u00e9gia centrada no ser humano e alcance melhores resultados.\u00a0 A partir de uma conversa sobre os desafios e possibilidades do seu neg\u00f3cio, combinamos abordagens te\u00f3ricas e t\u00e9cnicas em um escopo customizado para a sua empresa.<\/p>","protected":false},"author":1,"featured_media":30,"parent":0,"menu_order":0,"comment_status":"closed","ping_status":"closed","template":"","meta":{"footnotes":""},"class_list":["post-350","page","type-page","status-publish","has-post-thumbnail","hentry"],"yoast_head":"<!-- This site is optimized with the Yoast SEO plugin v27.3 - https:\/\/yoast.com\/product\/yoast-seo-wordpress\/ -->\n<title>HOMA | Contato<\/title>\n<meta name=\"description\" content=\"Descubra insights valiosos, desenvolva uma estrat\u00e9gia centrada no ser humano e alcance melhores resultados. Entre em contato com a HOMA!\" \/>\n<meta name=\"robots\" content=\"index, follow, max-snippet:-1, max-image-preview:large, max-video-preview:-1\" \/>\n<link rel=\"canonical\" href=\"https:\/\/homadesign.co\/en\/contact\/\" \/>\n<meta property=\"og:locale\" content=\"en_US\" \/>\n<meta property=\"og:type\" content=\"article\" \/>\n<meta property=\"og:title\" content=\"HOMA | Contato\" \/>\n<meta property=\"og:description\" content=\"Descubra insights valiosos, desenvolva uma estrat\u00e9gia centrada no ser humano e alcance melhores resultados. Entre em contato com a HOMA!\" \/>\n<meta property=\"og:url\" content=\"https:\/\/homadesign.co\/en\/contact\/\" \/>\n<meta property=\"og:site_name\" content=\"HOMA\" \/>\n<meta property=\"article:modified_time\" content=\"2024-12-09T18:47:04+00:00\" \/>\n<meta name=\"twitter:card\" content=\"summary_large_image\" \/>\n<meta name=\"twitter:label1\" content=\"Est. reading time\" \/>\n\t<meta name=\"twitter:data1\" content=\"1 minute\" \/>\n<script type=\"application\/ld+json\" class=\"yoast-schema-graph\">{\"@context\":\"https:\\\/\\\/schema.org\",\"@graph\":[{\"@type\":\"WebPage\",\"@id\":\"https:\\\/\\\/homadesign.co\\\/contato\\\/\",\"url\":\"https:\\\/\\\/homadesign.co\\\/contato\\\/\",\"name\":\"HOMA | Contato\",\"isPartOf\":{\"@id\":\"https:\\\/\\\/homadesign.co\\\/#website\"},\"primaryImageOfPage\":{\"@id\":\"https:\\\/\\\/homadesign.co\\\/contato\\\/#primaryimage\"},\"image\":{\"@id\":\"https:\\\/\\\/homadesign.co\\\/contato\\\/#primaryimage\"},\"thumbnailUrl\":\"https:\\\/\\\/homadesign.co\\\/wp-content\\\/uploads\\\/2024\\\/09\\\/Logo_Homa_Preto_3.svg\",\"datePublished\":\"2024-09-16T18:55:14+00:00\",\"dateModified\":\"2024-12-09T18:47:04+00:00\",\"description\":\"Descubra insights valiosos, desenvolva uma estrat\u00e9gia centrada no ser humano e alcance melhores resultados. Entre em contato com a HOMA!\",\"breadcrumb\":{\"@id\":\"https:\\\/\\\/homadesign.co\\\/contato\\\/#breadcrumb\"},\"inLanguage\":\"en-US\",\"potentialAction\":[{\"@type\":\"ReadAction\",\"target\":[\"https:\\\/\\\/homadesign.co\\\/contato\\\/\"]}]},{\"@type\":\"ImageObject\",\"inLanguage\":\"en-US\",\"@id\":\"https:\\\/\\\/homadesign.co\\\/contato\\\/#primaryimage\",\"url\":\"https:\\\/\\\/homadesign.co\\\/wp-content\\\/uploads\\\/2024\\\/09\\\/Logo_Homa_Preto_3.svg\",\"contentUrl\":\"https:\\\/\\\/homadesign.co\\\/wp-content\\\/uploads\\\/2024\\\/09\\\/Logo_Homa_Preto_3.svg\",\"width\":218,\"height\":212},{\"@type\":\"BreadcrumbList\",\"@id\":\"https:\\\/\\\/homadesign.co\\\/contato\\\/#breadcrumb\",\"itemListElement\":[{\"@type\":\"ListItem\",\"position\":1,\"name\":\"In\u00edcio\",\"item\":\"https:\\\/\\\/homadesign.co\\\/\"},{\"@type\":\"ListItem\",\"position\":2,\"name\":\"Contato Homa\"}]},{\"@type\":\"WebSite\",\"@id\":\"https:\\\/\\\/homadesign.co\\\/#website\",\"url\":\"https:\\\/\\\/homadesign.co\\\/\",\"name\":\"HOMA\",\"description\":\"Estrat\u00e9gias de crescimento centradas no ser humano\",\"publisher\":{\"@id\":\"https:\\\/\\\/homadesign.co\\\/#organization\"},\"potentialAction\":[{\"@type\":\"SearchAction\",\"target\":{\"@type\":\"EntryPoint\",\"urlTemplate\":\"https:\\\/\\\/homadesign.co\\\/?s={search_term_string}\"},\"query-input\":{\"@type\":\"PropertyValueSpecification\",\"valueRequired\":true,\"valueName\":\"search_term_string\"}}],\"inLanguage\":\"en-US\"},{\"@type\":\"Organization\",\"@id\":\"https:\\\/\\\/homadesign.co\\\/#organization\",\"name\":\"HOMA\",\"url\":\"https:\\\/\\\/homadesign.co\\\/\",\"logo\":{\"@type\":\"ImageObject\",\"inLanguage\":\"en-US\",\"@id\":\"https:\\\/\\\/homadesign.co\\\/#\\\/schema\\\/logo\\\/image\\\/\",\"url\":\"https:\\\/\\\/homadesign.co\\\/wp-content\\\/uploads\\\/2024\\\/09\\\/Logo_Homa_Preto_3.svg\",\"contentUrl\":\"https:\\\/\\\/homadesign.co\\\/wp-content\\\/uploads\\\/2024\\\/09\\\/Logo_Homa_Preto_3.svg\",\"width\":218,\"height\":212,\"caption\":\"HOMA\"},\"image\":{\"@id\":\"https:\\\/\\\/homadesign.co\\\/#\\\/schema\\\/logo\\\/image\\\/\"}}]}<\/script>\n<!-- \/ Yoast SEO plugin. -->","yoast_head_json":{"title":"HOMA | Contact","description":"Discover valuable insights, develop a human-centered strategy, and achieve better results. Get in touch with HOMA!","robots":{"index":"index","follow":"follow","max-snippet":"max-snippet:-1","max-image-preview":"max-image-preview:large","max-video-preview":"max-video-preview:-1"},"canonical":"https:\/\/homadesign.co\/en\/contact\/","og_locale":"en_US","og_type":"article","og_title":"HOMA | Contato","og_description":"Descubra insights valiosos, desenvolva uma estrat\u00e9gia centrada no ser humano e alcance melhores resultados. Entre em contato com a HOMA!","og_url":"https:\/\/homadesign.co\/en\/contact\/","og_site_name":"HOMA","article_modified_time":"2024-12-09T18:47:04+00:00","twitter_card":"summary_large_image","twitter_misc":{"Est. reading time":"1 minute"},"schema":{"@context":"https:\/\/schema.org","@graph":[{"@type":"WebPage","@id":"https:\/\/homadesign.co\/contato\/","url":"https:\/\/homadesign.co\/contato\/","name":"HOMA | Contact","isPartOf":{"@id":"https:\/\/homadesign.co\/#website"},"primaryImageOfPage":{"@id":"https:\/\/homadesign.co\/contato\/#primaryimage"},"image":{"@id":"https:\/\/homadesign.co\/contato\/#primaryimage"},"thumbnailUrl":"https:\/\/homadesign.co\/wp-content\/uploads\/2024\/09\/Logo_Homa_Preto_3.svg","datePublished":"2024-09-16T18:55:14+00:00","dateModified":"2024-12-09T18:47:04+00:00","description":"Discover valuable insights, develop a human-centered strategy, and achieve better results. Get in touch with HOMA!","breadcrumb":{"@id":"https:\/\/homadesign.co\/contato\/#breadcrumb"},"inLanguage":"en-US","potentialAction":[{"@type":"ReadAction","target":["https:\/\/homadesign.co\/contato\/"]}]},{"@type":"ImageObject","inLanguage":"en-US","@id":"https:\/\/homadesign.co\/contato\/#primaryimage","url":"https:\/\/homadesign.co\/wp-content\/uploads\/2024\/09\/Logo_Homa_Preto_3.svg","contentUrl":"https:\/\/homadesign.co\/wp-content\/uploads\/2024\/09\/Logo_Homa_Preto_3.svg","width":218,"height":212},{"@type":"BreadcrumbList","@id":"https:\/\/homadesign.co\/contato\/#breadcrumb","itemListElement":[{"@type":"ListItem","position":1,"name":"In\u00edcio","item":"https:\/\/homadesign.co\/"},{"@type":"ListItem","position":2,"name":"Contato Homa"}]},{"@type":"WebSite","@id":"https:\/\/homadesign.co\/#website","url":"https:\/\/homadesign.co\/","name":"HOMA","description":"Estrat\u00e9gias de crescimento centradas no ser humano","publisher":{"@id":"https:\/\/homadesign.co\/#organization"},"potentialAction":[{"@type":"SearchAction","target":{"@type":"EntryPoint","urlTemplate":"https:\/\/homadesign.co\/?s={search_term_string}"},"query-input":{"@type":"PropertyValueSpecification","valueRequired":true,"valueName":"search_term_string"}}],"inLanguage":"en-US"},{"@type":"Organization","@id":"https:\/\/homadesign.co\/#organization","name":"HOMA","url":"https:\/\/homadesign.co\/","logo":{"@type":"ImageObject","inLanguage":"en-US","@id":"https:\/\/homadesign.co\/#\/schema\/logo\/image\/","url":"https:\/\/homadesign.co\/wp-content\/uploads\/2024\/09\/Logo_Homa_Preto_3.svg","contentUrl":"https:\/\/homadesign.co\/wp-content\/uploads\/2024\/09\/Logo_Homa_Preto_3.svg","width":218,"height":212,"caption":"HOMA"},"image":{"@id":"https:\/\/homadesign.co\/#\/schema\/logo\/image\/"}}]}},"_links":{"self":[{"href":"https:\/\/homadesign.co\/en\/wp-json\/wp\/v2\/pages\/350","targetHints":{"allow":["GET"]}}],"collection":[{"href":"https:\/\/homadesign.co\/en\/wp-json\/wp\/v2\/pages"}],"about":[{"href":"https:\/\/homadesign.co\/en\/wp-json\/wp\/v2\/types\/page"}],"author":[{"embeddable":true,"href":"https:\/\/homadesign.co\/en\/wp-json\/wp\/v2\/users\/1"}],"replies":[{"embeddable":true,"href":"https:\/\/homadesign.co\/en\/wp-json\/wp\/v2\/comments?post=350"}],"version-history":[{"count":17,"href":"https:\/\/homadesign.co\/en\/wp-json\/wp\/v2\/pages\/350\/revisions"}],"predecessor-version":[{"id":14518,"href":"https:\/\/homadesign.co\/en\/wp-json\/wp\/v2\/pages\/350\/revisions\/14518"}],"wp:featuredmedia":[{"embeddable":true,"href":"https:\/\/homadesign.co\/en\/wp-json\/wp\/v2\/media\/30"}],"wp:attachment":[{"href":"https:\/\/homadesign.co\/en\/wp-json\/wp\/v2\/media?parent=350"}],"curies":[{"name":"wp","href":"https:\/\/api.w.org\/{rel}","templated":true}]}}